{"id":643,"date":"2019-02-03T19:37:36","date_gmt":"2019-02-03T19:37:36","guid":{"rendered":"https:\/\/www.psk-kaiserslautern.de\/?page_id=643"},"modified":"2026-04-27T11:03:50","modified_gmt":"2026-04-27T11:03:50","slug":"ksa-cac-ausstellung-2019","status":"publish","type":"page","link":"https:\/\/www.psk-kaiserslautern.de\/?page_id=643","title":{"rendered":"KSA Ausstellung 2026"},"content":{"rendered":"\n<p>F\u00fcr unsere KSA Ausstellung in diesem Jahr konnten wir den VDH Richter Thomas Becht f\u00fcr uns gewinnen. <\/p>\n\n\n\n<p>Um die Einladung zu unserer diesj\u00e4hrigen KSA zu \u00f6ffnen, klicken Sie bitte <a href=\"https:\/\/www.psk-kaiserslautern.de\/wp-content\/uploads\/2026\/04\/EINLADUNG-KSA-2026-PDF.pdf\" data-type=\"attachment\" data-id=\"1226\">hier<\/a>.<\/p>\n\n\n\n<p>Zur Meldung Ihres Hundes\/ Ihrer Hunde gehen Sie bitte auf diese <a href=\"https:\/\/www.psk-kaiserslautern.de\/?page_id=660\" data-type=\"page\" data-id=\"660\">Seite<\/a>.<\/p>\n\n\n\n<p>Bei Fragen steht Ihnen Frau Habermann gerne per Mail zur Verf\u00fcgung.<\/p>\n\n\n\n<p><\/p>\n\n\n\n<p><\/p>\n","protected":false},"excerpt":{"rendered":"<p>F\u00fcr unsere KSA Ausstellung in diesem Jahr konnten wir den VDH Richter Thomas Becht f\u00fcr uns gewinnen. Um die Einladung zu unserer diesj\u00e4hrigen KSA zu \u00f6ffnen, klicken Sie bitte hier. Zur Meldung Ihres Hundes\/ Ihrer Hunde gehen Sie bitte auf diese Seite. Bei Fragen steht Ihnen Frau Habermann gerne per Mail zur Verf\u00fcgung.<\/p>\n","protected":false},"author":2,"featured_media":0,"parent":559,"menu_order":0,"comment_status":"closed","ping_status":"closed","template":"","meta":{"footnotes":""},"class_list":["post-643","page","type-page","status-publish","hentry"],"_links":{"self":[{"href":"https:\/\/www.psk-kaiserslautern.de\/index.php?rest_route=\/wp\/v2\/pages\/643","targetHints":{"allow":["GET"]}}],"collection":[{"href":"https:\/\/www.psk-kaiserslautern.de\/index.php?rest_route=\/wp\/v2\/pages"}],"about":[{"href":"https:\/\/www.psk-kaiserslautern.de\/index.php?rest_route=\/wp\/v2\/types\/page"}],"author":[{"embeddable":true,"href":"https:\/\/www.psk-kaiserslautern.de\/index.php?rest_route=\/wp\/v2\/users\/2"}],"replies":[{"embeddable":true,"href":"https:\/\/www.psk-kaiserslautern.de\/index.php?rest_route=%2Fwp%2Fv2%2Fcomments&post=643"}],"version-history":[{"count":61,"href":"https:\/\/www.psk-kaiserslautern.de\/index.php?rest_route=\/wp\/v2\/pages\/643\/revisions"}],"predecessor-version":[{"id":1229,"href":"https:\/\/www.psk-kaiserslautern.de\/index.php?rest_route=\/wp\/v2\/pages\/643\/revisions\/1229"}],"up":[{"embeddable":true,"href":"https:\/\/www.psk-kaiserslautern.de\/index.php?rest_route=\/wp\/v2\/pages\/559"}],"wp:attachment":[{"href":"https:\/\/www.psk-kaiserslautern.de\/index.php?rest_route=%2Fwp%2Fv2%2Fmedia&parent=643"}],"curies":[{"name":"wp","href":"https:\/\/api.w.org\/{rel}","templated":true}]}}