{"id":569,"date":"2018-09-18T16:10:40","date_gmt":"2018-09-18T16:10:40","guid":{"rendered":"https:\/\/www.psk-kaiserslautern.de\/?page_id=569"},"modified":"2026-03-16T19:15:21","modified_gmt":"2026-03-16T19:15:21","slug":"uebungszeiten","status":"publish","type":"page","link":"https:\/\/www.psk-kaiserslautern.de\/?page_id=569","title":{"rendered":"\u00dcbungszeiten"},"content":{"rendered":"<p>Bitte f\u00fcr die \u00dcbungszeiten <a href=\"https:\/\/www.psk-kaiserslautern.de\/wp-content\/uploads\/2021\/11\/Uebungszeiten-teilnahme28930.pdf\">Anmelden.\u00a0<\/a><\/p>\n<p><a href=\"https:\/\/www.psk-kaiserslautern.de\/wp-content\/uploads\/2021\/11\/Uebungszeiten-teilnahme28930.pdf\">\u00a0<\/a><\/p>\n<table class=\"align: center\">\n<tbody>\n<tr>\n<td width=\"160\">\u00a0<a href=\"http:\/\/psk-kaiserslautern.de\/wp-content\/uploads\/2014\/12\/Gehrosam.jpg\" target=\"_blank\" rel=\"noopener\"><img loading=\"lazy\" decoding=\"async\" class=\"aligncenter wp-image-292 size-medium\" src=\"http:\/\/psk-kaiserslautern.de\/wp-content\/uploads\/2014\/12\/Gehrosam-234x300.jpg\" alt=\"Gehrosam\" width=\"234\" height=\"300\" \/><\/a><\/td>\n<td width=\"316\">\n<h6>Gehorsam f\u00fcr Junghunde:<\/h6>\n<p><span style=\"color: #800000;\">Montags ab 18:00 Uhr<\/span><br \/>\nHerr Ziegler<br \/>\nTel.:0631-69215<\/td>\n<\/tr>\n<tr>\n<td width=\"160\">\u00a0<a href=\"http:\/\/psk-kaiserslautern.de\/wp-content\/uploads\/2014\/12\/agility.jpg\" target=\"_blank\" rel=\"noopener\"><img loading=\"lazy\" decoding=\"async\" class=\"aligncenter wp-image-293 size-full\" src=\"http:\/\/psk-kaiserslautern.de\/wp-content\/uploads\/2014\/12\/agility.jpg\" alt=\"agility\" width=\"283\" height=\"283\" \/><\/a><\/td>\n<td width=\"316\">\n<h6>Agility w\u00e4hrend der Sommermonate:<\/h6>\n<p><span style=\"color: #800000;\">Freitags ab 17:00 Uhr<\/span><br \/>\nFrau\u00a0 K\u00f6hler<br \/>\nTel.:0631-46262,-5704330<\/td>\n<\/tr>\n<tr>\n<td width=\"160\">\u00a0<a href=\"http:\/\/psk-kaiserslautern.de\/wp-content\/uploads\/2014\/12\/gehorsam-mit-vorbereitung.jpg\" target=\"_blank\" rel=\"noopener\"><img loading=\"lazy\" decoding=\"async\" class=\"aligncenter wp-image-294 size-medium\" src=\"http:\/\/psk-kaiserslautern.de\/wp-content\/uploads\/2014\/12\/gehorsam-mit-vorbereitung-300x183.jpg\" alt=\"gehorsam mit vorbereitung\" width=\"300\" height=\"183\" \/><\/a><\/td>\n<td width=\"316\">\n<h6>Gehorsam mit Vorbereitungen zur BH:<\/h6>\n<p><span style=\"color: #800000;\">Samstags 09:00 Uhr<\/span><br \/>\nHerr Kettering<br \/>\nTel.:06301-31045<\/td>\n<\/tr>\n<tr>\n<td width=\"160\"><\/td>\n<td width=\"316\"><\/td>\n<\/tr>\n<\/tbody>\n<\/table>\n","protected":false},"excerpt":{"rendered":"<p>Bitte f\u00fcr die \u00dcbungszeiten Anmelden.\u00a0 \u00a0 \u00a0 Gehorsam f\u00fcr Junghunde: Montags ab 18:00 Uhr Herr Ziegler Tel.:0631-69215 \u00a0 Agility w\u00e4hrend der Sommermonate: Freitags ab 17:00 Uhr Frau\u00a0 K\u00f6hler Tel.:0631-46262,-5704330 \u00a0 Gehorsam mit Vorbereitungen zur BH: Samstags 09:00 Uhr Herr Kettering Tel.:06301-31045<\/p>\n","protected":false},"author":2,"featured_media":0,"parent":559,"menu_order":0,"comment_status":"closed","ping_status":"closed","template":"","meta":{"footnotes":""},"class_list":["post-569","page","type-page","status-publish","hentry"],"_links":{"self":[{"href":"https:\/\/www.psk-kaiserslautern.de\/index.php?rest_route=\/wp\/v2\/pages\/569","targetHints":{"allow":["GET"]}}],"collection":[{"href":"https:\/\/www.psk-kaiserslautern.de\/index.php?rest_route=\/wp\/v2\/pages"}],"about":[{"href":"https:\/\/www.psk-kaiserslautern.de\/index.php?rest_route=\/wp\/v2\/types\/page"}],"author":[{"embeddable":true,"href":"https:\/\/www.psk-kaiserslautern.de\/index.php?rest_route=\/wp\/v2\/users\/2"}],"replies":[{"embeddable":true,"href":"https:\/\/www.psk-kaiserslautern.de\/index.php?rest_route=%2Fwp%2Fv2%2Fcomments&post=569"}],"version-history":[{"count":11,"href":"https:\/\/www.psk-kaiserslautern.de\/index.php?rest_route=\/wp\/v2\/pages\/569\/revisions"}],"predecessor-version":[{"id":1217,"href":"https:\/\/www.psk-kaiserslautern.de\/index.php?rest_route=\/wp\/v2\/pages\/569\/revisions\/1217"}],"up":[{"embeddable":true,"href":"https:\/\/www.psk-kaiserslautern.de\/index.php?rest_route=\/wp\/v2\/pages\/559"}],"wp:attachment":[{"href":"https:\/\/www.psk-kaiserslautern.de\/index.php?rest_route=%2Fwp%2Fv2%2Fmedia&parent=569"}],"curies":[{"name":"wp","href":"https:\/\/api.w.org\/{rel}","templated":true}]}}