{"id":554,"date":"2018-09-18T16:07:20","date_gmt":"2018-09-18T16:07:20","guid":{"rendered":"https:\/\/www.psk-kaiserslautern.de\/?page_id=554"},"modified":"2018-09-18T16:07:20","modified_gmt":"2018-09-18T16:07:20","slug":"rassen","status":"publish","type":"page","link":"https:\/\/www.psk-kaiserslautern.de\/?page_id=554","title":{"rendered":"Rassen"},"content":{"rendered":"<h6>RIESENSCHNAUZER<\/h6>\n<p>Der imposante Riesenschnauzer ist nicht nur wie die anderen Rassen ein freundlicher Familienhund, sondern auch dar\u00fcber hinaus ein Gebrauchshund mit hochentwickelten Sinnesorganen. Er ist ausgestattet mit Klugheit, Kraft, Ausdauer, Schnelligkeit und Widerstandsf\u00e4higkeit gegen Witterung und Krankheiten.<\/p>\n<p>Diese Eigenschaften bef\u00e4higen ihn im Sport und Dienst bei Polizei und Rettungsarbeiten. Auch er ben\u00f6tigt, wie alle Schnauzerrassen, eine konsequente Erziehung im fr\u00fchen Jugendalter, denn sein eigener Wille ist ausgepr\u00e4gt. Er wird sich nicht einfach &#8222;h\u00fcndisch&#8220; unterwerfen, sondern zeigt sehr deutlich, dass auch er von Sozial- und Rangordnung etwas versteht.<\/p>\n<p>Die Gr\u00f6sse betr\u00e4gt 60 &#8211; 70 cm. Er wird in den Farben schwarz und pfeffer-salz gez\u00fcchtet.<\/p>\n<p><img loading=\"lazy\" decoding=\"async\" class=\" wp-image-397 size-full alignnone\" src=\"http:\/\/psk-kaiserslautern.de\/wp-content\/uploads\/2014\/12\/RSs.gif\" alt=\"RSs\" width=\"186\" height=\"150\" \/> <img loading=\"lazy\" decoding=\"async\" class=\"wp-image-396 size-full alignnone\" src=\"http:\/\/psk-kaiserslautern.de\/wp-content\/uploads\/2014\/12\/RSpfs.gif\" alt=\"RSpfs\" width=\"177\" height=\"150\" \/><\/p>\n<h6>\u00a0SCHNAUZER<\/h6>\n<p>Schaut man dem Schnauzer ins Gesicht, so steht ihm sein Rassenamen hineingeschrieben. Die starken Brauen und der volle Bart pr\u00e4gen das Portr\u00e4t seiner Rasse. Ruft ihn sein Herr noch mit dem Namen Raubautz, dann ist schon Wesentliches \u00fcber seine Eigenart und Merkmale gesagt.<\/p>\n<p>Seine typischen Wesensz\u00fcge sind schneidiges Temperament, gepaart mit bed\u00e4chtiger Ruhe. Die liebevolle Art beim Umgang mit Kindern unterstreicht seinen gutartigen Charakter und zeigt seine Spiellust. Hat er seinen Herrn erst einmal akzeptiert, sind Liebe und Treue von Dauer. Soll sein Exterieur rassetypisch in Erscheinung treten, ist sein rauhes Haarkleid etwa 3 mal im Jahr zu trimmen. Das gilt \u00fcbrigens f\u00fcr alle Schnauzerrassen.<\/p>\n<p>Seine Gr\u00f6sse betr\u00e4gt 45 &#8211; 50 cm. Ihn gibt es in den Farben schwarz und pfeffer-salz.<\/p>\n<p><img loading=\"lazy\" decoding=\"async\" class=\" wp-image-398 size-full alignnone\" src=\"http:\/\/psk-kaiserslautern.de\/wp-content\/uploads\/2014\/12\/Ss.jpg\" alt=\"Ss\" width=\"184\" height=\"143\" \/> <img loading=\"lazy\" decoding=\"async\" class=\" wp-image-399 size-full alignnone\" src=\"http:\/\/psk-kaiserslautern.de\/wp-content\/uploads\/2014\/12\/Spfs.jpg\" alt=\"Spfs\" width=\"162\" height=\"143\" \/><\/p>\n<h6>ZWERGSCHNAUZER<\/h6>\n<p>Auch hier handelt es sich, wie bei unseren Pinschern, um die verkleinerte Form des Mittelschlages oder Standardschnauzers. Die Rasse kommt mit ihren Eigenschaften der Grossrasse sehr nahe. Hinzu kommen typische Wesensz\u00fcge der Zwergform. Die Farbvariante ist bei der Rasse am vielf\u00e4ltigsten. Sie kommt neben den Farben schwarz und pfeffer-salz in den Farben schwarz-silber und weiss vor.<\/p>\n<p>Die Gr\u00f6sse betr\u00e4gt 30 &#8211; 35 cm. Bei diesem durchaus temperamentvollen Hund lassen sich schon Gebrauchseigenschaften, wie sie vom Standardschnauzer bekannt sind, durchaus nachvollziehen. Auch er ist ein Gesellschafter in der Familie und findet in der kleinsten Wohnung noch seinen Platz.<\/p>\n<p><img loading=\"lazy\" decoding=\"async\" class=\" wp-image-400 size-full alignnone\" src=\"http:\/\/psk-kaiserslautern.de\/wp-content\/uploads\/2014\/12\/ZSss.gif\" alt=\"ZSss\" width=\"188\" height=\"150\" \/> <img loading=\"lazy\" decoding=\"async\" class=\" wp-image-401 size-full alignnone\" src=\"http:\/\/psk-kaiserslautern.de\/wp-content\/uploads\/2014\/12\/ZSw.gif\" alt=\"ZSw\" width=\"183\" height=\"150\" \/> <img loading=\"lazy\" decoding=\"async\" class=\" wp-image-402 size-full alignnone\" src=\"http:\/\/psk-kaiserslautern.de\/wp-content\/uploads\/2014\/12\/ZSpfs.gif\" alt=\"ZSpfs\" width=\"182\" height=\"150\" \/> <img loading=\"lazy\" decoding=\"async\" class=\" wp-image-403 size-full alignnone\" src=\"http:\/\/psk-kaiserslautern.de\/wp-content\/uploads\/2014\/12\/ZSs.gif\" alt=\"ZSs\" width=\"194\" height=\"150\" \/><\/p>\n<h6>DEUTSCHER PINSCHER<\/h6>\n<p>Diese Rasse wird in zwei Farben, schwarz-rot und rot, gez\u00fcchtet. Der Deutsche Pinscher ist kein Modehund. Er ist ein anh\u00e4nglicher, umg\u00e4nglicher Familienhund, der aber auch einer konsequenten Erziehung bedarf. Mit seinem glatten Fell ist er sehr pflegeleicht. Er ist ein unbestechlicher W\u00e4chter und verteidigt seine Familienmitglieder sowie Haus und Hof energisch.<\/p>\n<p>Die Rasse hat seine Gr\u00f6sse zwischen 45 und 50 cm und findet in dieser Gr\u00f6sse immer noch Platz zwischen Kindern und Urlaubsgep\u00e4ck. Denn gerade wenn die Familie ausser Haus geht, m\u00f6chte der Deutsche Pinscher nicht zur\u00fcckgelassen werden. Er dankt es seinen Familienmitgliedern durch Treue und Anh\u00e4nglichkeit.<\/p>\n<p><img loading=\"lazy\" decoding=\"async\" class=\" wp-image-404 size-full alignnone\" src=\"http:\/\/psk-kaiserslautern.de\/wp-content\/uploads\/2014\/12\/DtPsr.gif\" alt=\"DtPsr\" width=\"122\" height=\"150\" \/><\/p>\n<h6>ZWERGPINSCHER<\/h6>\n<p>Wie bereits die vorgestellte gr\u00f6ssere Variante, werden auch die Zwerge in den beiden Farbschl\u00e4gen schwarz-rot und rot gez\u00fcchtet. Trotz des verkleinerten Abbildes der grossen Vettern ist die Rasse frei von M\u00e4ngel zwergenhafter Erscheinungen<\/p>\n<p>Seine Wesensz\u00fcge entsprechen denen des Deutschen Pinschers, doch werden sie sie durch Temperament und Gebaren eines Zwerghundes besonders gepr\u00e4gt. Dieser kleine glatthaarige Zwerghund ist in der kleinsten Wohnung zu halten. Seine Eigenschaften lassen ihn aber die Aufgaben eines W\u00e4chters erf\u00fcllen.<\/p>\n<p>Seine Gr\u00f6sse liegt zwischen 25 und 30 cm<\/p>\n<p><img loading=\"lazy\" decoding=\"async\" class=\" wp-image-405 size-full alignnone\" src=\"http:\/\/psk-kaiserslautern.de\/wp-content\/uploads\/2014\/12\/ZPr.gif\" alt=\"ZPr\" width=\"132\" height=\"150\" \/><\/p>\n<h6>AFFENPINSCHER<\/h6>\n<p>Der Affenpinscher f\u00e4llt in seinem Erscheinungsbild gegen\u00fcber den vorgestellten Pinscher- und Schnauzerrassen etwas aus dem Rahmen. Dem verk\u00fcrzten Oberkiefer zufolge ist er mit einem Vorbiss ausgestattet. Sein langes und \u00fcppiges Haar verleiht in Verbindung der runden Kopfform diesem kleinen Gnom ein affen\u00e4hnliches Aussehen.<\/p>\n<p>Dieser kleine Zwerg ist nicht nur ein Liebling auf Frauchens Schoss, er ist auch ein mutiger und furchtloser Draufg\u00e4nger. H\u00e4tte er die Gr\u00f6sse eines Riesenschnauzers, w\u00e4re er mit Sicherheit nicht zu b\u00e4ndigen. Sein Haarkleid ben\u00f6tigt, wie das der Schnauzer, eine Trimmpflege.<\/p>\n<p>Seine Gr\u00f6sse liegt zwischen 25 und 30 cm.<\/p>\n<p><img loading=\"lazy\" decoding=\"async\" class=\" wp-image-406 size-thumbnail alignnone\" src=\"http:\/\/psk-kaiserslautern.de\/wp-content\/uploads\/2014\/12\/AP-150x150.jpg\" alt=\"AP\" width=\"150\" height=\"150\" \/><\/p>\n","protected":false},"excerpt":{"rendered":"<p>RIESENSCHNAUZER Der imposante Riesenschnauzer ist nicht nur wie die anderen Rassen ein freundlicher Familienhund, sondern auch dar\u00fcber hinaus ein Gebrauchshund mit hochentwickelten Sinnesorganen. Er ist ausgestattet mit Klugheit, Kraft, Ausdauer, Schnelligkeit und Widerstandsf\u00e4higkeit gegen Witterung und Krankheiten. Diese Eigenschaften bef\u00e4higen ihn im Sport und Dienst bei Polizei und Rettungsarbeiten. Auch er ben\u00f6tigt, wie alle Schnauzerrassen, &hellip; <a href=\"https:\/\/www.psk-kaiserslautern.de\/?page_id=554\" class=\"more-link\"><span class=\"screen-reader-text\">Rassen<\/span> weiterlesen <span class=\"meta-nav\">&rarr;<\/span><\/a><\/p>\n","protected":false},"author":2,"featured_media":0,"parent":546,"menu_order":2,"comment_status":"closed","ping_status":"closed","template":"","meta":{"footnotes":""},"class_list":["post-554","page","type-page","status-publish","hentry"],"_links":{"self":[{"href":"https:\/\/www.psk-kaiserslautern.de\/index.php?rest_route=\/wp\/v2\/pages\/554","targetHints":{"allow":["GET"]}}],"collection":[{"href":"https:\/\/www.psk-kaiserslautern.de\/index.php?rest_route=\/wp\/v2\/pages"}],"about":[{"href":"https:\/\/www.psk-kaiserslautern.de\/index.php?rest_route=\/wp\/v2\/types\/page"}],"author":[{"embeddable":true,"href":"https:\/\/www.psk-kaiserslautern.de\/index.php?rest_route=\/wp\/v2\/users\/2"}],"replies":[{"embeddable":true,"href":"https:\/\/www.psk-kaiserslautern.de\/index.php?rest_route=%2Fwp%2Fv2%2Fcomments&post=554"}],"version-history":[{"count":1,"href":"https:\/\/www.psk-kaiserslautern.de\/index.php?rest_route=\/wp\/v2\/pages\/554\/revisions"}],"predecessor-version":[{"id":555,"href":"https:\/\/www.psk-kaiserslautern.de\/index.php?rest_route=\/wp\/v2\/pages\/554\/revisions\/555"}],"up":[{"embeddable":true,"href":"https:\/\/www.psk-kaiserslautern.de\/index.php?rest_route=\/wp\/v2\/pages\/546"}],"wp:attachment":[{"href":"https:\/\/www.psk-kaiserslautern.de\/index.php?rest_route=%2Fwp%2Fv2%2Fmedia&parent=554"}],"curies":[{"name":"wp","href":"https:\/\/api.w.org\/{rel}","templated":true}]}}