{"id":522,"date":"2018-09-18T15:49:35","date_gmt":"2018-09-18T15:49:35","guid":{"rendered":"https:\/\/www.psk-kaiserslautern.de\/?page_id=522"},"modified":"2026-03-16T19:20:15","modified_gmt":"2026-03-16T19:20:15","slug":"verein","status":"publish","type":"page","link":"https:\/\/www.psk-kaiserslautern.de\/?page_id=522","title":{"rendered":"Verein"},"content":{"rendered":"<p style=\"text-align: center;\">Pinscher-Schnauzer-Klub OG Kaiserslautern e.V.<\/p>\n<p style=\"text-align: center;\">Der PSK Kaiserslautern e.V. kann mittlerweile auf eine 95-j\u00e4hrige Vereinst\u00e4tigkeit zur\u00fcckblicken.<\/p>\n<p style=\"text-align: center;\">Hauptversammlung 6. September 1931<\/p>\n<p style=\"text-align: center;\">In den Mitteilungen des Pinscher-Schnauzer-Klubs vom Januar 1932 finden Sie einen Artikel der Hauptversammlung der Ortsgruppe Kaiserslautern am 6. Dezember 1931. In dieser Hauptversammlung war das 10-j\u00e4hrige Bestehen der Ortsgruppe ein Tagesordnungspunkt.<\/p>\n<p style=\"text-align: center;\">Einen Auszug dieser <a href=\"http:\/\/psk-kaiserslautern.de\/wp-content\/uploads\/2014\/12\/mitteilungenpinscherschnauzerklub1932auszug.pdf\" target=\"_blank\" rel=\"noopener\">Hauptversammlung <\/a>finden Sie hier als Download.<\/p>\n","protected":false},"excerpt":{"rendered":"<p>Pinscher-Schnauzer-Klub OG Kaiserslautern e.V. Der PSK Kaiserslautern e.V. kann mittlerweile auf eine 95-j\u00e4hrige Vereinst\u00e4tigkeit zur\u00fcckblicken. Hauptversammlung 6. September 1931 In den Mitteilungen des Pinscher-Schnauzer-Klubs vom Januar 1932 finden Sie einen Artikel der Hauptversammlung der Ortsgruppe Kaiserslautern am 6. Dezember 1931. In dieser Hauptversammlung war das 10-j\u00e4hrige Bestehen der Ortsgruppe ein Tagesordnungspunkt. Einen Auszug dieser Hauptversammlung &hellip; <a href=\"https:\/\/www.psk-kaiserslautern.de\/?page_id=522\" class=\"more-link\"><span class=\"screen-reader-text\">Verein<\/span> weiterlesen <span class=\"meta-nav\">&rarr;<\/span><\/a><\/p>\n","protected":false},"author":2,"featured_media":0,"parent":0,"menu_order":0,"comment_status":"closed","ping_status":"closed","template":"","meta":{"footnotes":""},"class_list":["post-522","page","type-page","status-publish","hentry"],"_links":{"self":[{"href":"https:\/\/www.psk-kaiserslautern.de\/index.php?rest_route=\/wp\/v2\/pages\/522","targetHints":{"allow":["GET"]}}],"collection":[{"href":"https:\/\/www.psk-kaiserslautern.de\/index.php?rest_route=\/wp\/v2\/pages"}],"about":[{"href":"https:\/\/www.psk-kaiserslautern.de\/index.php?rest_route=\/wp\/v2\/types\/page"}],"author":[{"embeddable":true,"href":"https:\/\/www.psk-kaiserslautern.de\/index.php?rest_route=\/wp\/v2\/users\/2"}],"replies":[{"embeddable":true,"href":"https:\/\/www.psk-kaiserslautern.de\/index.php?rest_route=%2Fwp%2Fv2%2Fcomments&post=522"}],"version-history":[{"count":5,"href":"https:\/\/www.psk-kaiserslautern.de\/index.php?rest_route=\/wp\/v2\/pages\/522\/revisions"}],"predecessor-version":[{"id":1221,"href":"https:\/\/www.psk-kaiserslautern.de\/index.php?rest_route=\/wp\/v2\/pages\/522\/revisions\/1221"}],"wp:attachment":[{"href":"https:\/\/www.psk-kaiserslautern.de\/index.php?rest_route=%2Fwp%2Fv2%2Fmedia&parent=522"}],"curies":[{"name":"wp","href":"https:\/\/api.w.org\/{rel}","templated":true}]}}